{"id":38,"date":"2014-09-14T11:55:45","date_gmt":"2014-09-14T11:55:45","guid":{"rendered":"http:\/\/www.thonetantik.de\/?page_id=38"},"modified":"2014-12-04T10:25:26","modified_gmt":"2014-12-04T10:25:26","slug":"ankauf","status":"publish","type":"page","link":"http:\/\/www.thonetantik.de\/?page_id=38","title":{"rendered":"ANKAUF"},"content":{"rendered":"<p><span style=\"font-family: Arial,sans-serif;\">Der Ankauf beschr\u00e4nkt sich zur Zeit auf <span style=\"color: #2300dc;\">g\u00e4ngige Objekte<\/span> oder auf konkret <span style=\"color: #2300dc;\">zu suchende St\u00fccke<\/span>. <\/span><\/p>\n<p><span style=\"font-family: Arial,sans-serif;\">Wenn Sie solche M\u00f6bel verkaufen wollen oder allgemein etwas zum Ankauf anbieten wollen, bitte ich um <a title=\"KONTAKT\" href=\"http:\/\/www.thonetantik.de\/?page_id=43\"><span style=\"color: #2300dc;\">Kontakt<\/span>aufnahme<\/a>.<\/span><\/p>\n<p><span style=\"font-family: Arial,sans-serif;\"> Per mail k\u00f6nnten Sie gleich Bilder mitschicken, per Telefon zu den \u00d6ffnungszeiten k\u00f6nnen wir weiteres besprechen. <\/span><\/p>\n<p><span style=\"font-family: Arial,sans-serif;\">Dar\u00fcber<\/span>\u00a0 hinaus kaufe ich, was ich noch nie gehabt habe, zum Beispiel die hier im Katalogbild gezeigte Staffelei, oder den Kleiderb\u00fcgel mit Handgriff, oder den Kinder-Garderobenst\u00e4nder&#8230;<\/p>\n<p><a href=\"http:\/\/www.thonetantik.de\/wp-content\/uploads\/2014\/09\/Website-Ankauf-Vorseitenbild.jpg\"><img decoding=\"async\" loading=\"lazy\" class=\"alignnone size-full wp-image-301\" src=\"http:\/\/www.thonetantik.de\/wp-content\/uploads\/2014\/09\/Website-Ankauf-Vorseitenbild.jpg\" alt=\"Website Ankauf Vorseitenbild\" width=\"497\" height=\"919\" srcset=\"http:\/\/www.thonetantik.de\/wp-content\/uploads\/2014\/09\/Website-Ankauf-Vorseitenbild.jpg 497w, http:\/\/www.thonetantik.de\/wp-content\/uploads\/2014\/09\/Website-Ankauf-Vorseitenbild-162x300.jpg 162w, http:\/\/www.thonetantik.de\/wp-content\/uploads\/2014\/09\/Website-Ankauf-Vorseitenbild-135x250.jpg 135w\" sizes=\"(max-width: 497px) 100vw, 497px\" \/><\/a><\/p>\n","protected":false},"excerpt":{"rendered":"<p>Der Ankauf beschr\u00e4nkt sich zur Zeit auf g\u00e4ngige Objekte oder auf konkret zu suchende St\u00fccke. Wenn Sie solche M\u00f6bel verkaufen<a class=\"read-more\" href=\"http:\/\/www.thonetantik.de\/?page_id=38\"> [&#8230;]<\/a><\/p>\n","protected":false},"author":1,"featured_media":0,"parent":0,"menu_order":0,"comment_status":"open","ping_status":"open","template":"","meta":[],"_links":{"self":[{"href":"http:\/\/www.thonetantik.de\/index.php?rest_route=\/wp\/v2\/pages\/38"}],"collection":[{"href":"http:\/\/www.thonetantik.de\/index.php?rest_route=\/wp\/v2\/pages"}],"about":[{"href":"http:\/\/www.thonetantik.de\/index.php?rest_route=\/wp\/v2\/types\/page"}],"author":[{"embeddable":true,"href":"http:\/\/www.thonetantik.de\/index.php?rest_route=\/wp\/v2\/users\/1"}],"replies":[{"embeddable":true,"href":"http:\/\/www.thonetantik.de\/index.php?rest_route=%2Fwp%2Fv2%2Fcomments&post=38"}],"version-history":[{"count":12,"href":"http:\/\/www.thonetantik.de\/index.php?rest_route=\/wp\/v2\/pages\/38\/revisions"}],"predecessor-version":[{"id":405,"href":"http:\/\/www.thonetantik.de\/index.php?rest_route=\/wp\/v2\/pages\/38\/revisions\/405"}],"wp:attachment":[{"href":"http:\/\/www.thonetantik.de\/index.php?rest_route=%2Fwp%2Fv2%2Fmedia&parent=38"}],"curies":[{"name":"wp","href":"https:\/\/api.w.org\/{rel}","templated":true}]}}